{"id":829,"date":"2026-03-18T19:14:37","date_gmt":"2026-03-18T18:14:37","guid":{"rendered":"https:\/\/subsexcretary.com\/?page_id=829"},"modified":"2026-04-11T17:56:09","modified_gmt":"2026-04-11T15:56:09","slug":"en-reel","status":"publish","type":"page","link":"https:\/\/subsexcretary.com\/pt\/en-reel\/","title":{"rendered":"En R\u00e9el"},"content":{"rendered":"<style>.kb-row-layout-id829_1d330d-4a > .kt-row-column-wrap{align-content:start;}:where(.kb-row-layout-id829_1d330d-4a > .kt-row-column-wrap) > .wp-block-kadence-column{justify-content:start;}.kb-row-layout-id829_1d330d-4a > .kt-row-column-wrap{column-gap:var(--global-kb-gap-md, 2rem);row-gap:var(--global-kb-gap-md, 2rem);max-width:var( --global-content-width, 1290px );padding-left:var(--global-content-edge-padding);padding-right:var(--global-content-edge-padding);padding-top:var(--global-kb-spacing-xl, 4rem);padding-bottom:var(--global-kb-spacing-lg, 3rem);grid-template-columns:minmax(0, 1fr);}.kb-row-layout-id829_1d330d-4a > .kt-row-layout-overlay{opacity:0.30;}@media all and (max-width: 1024px){.kb-row-layout-id829_1d330d-4a > .kt-row-column-wrap{grid-template-columns:minmax(0, 1fr);}}@media all and (max-width: 767px){.kb-row-layout-id829_1d330d-4a > .kt-row-column-wrap{grid-template-columns:minmax(0, 1fr);}}<\/style><div class=\"kb-row-layout-wrap kb-row-layout-id829_1d330d-4a alignfull has-theme-palette8-background-color kt-row-has-bg wp-block-kadence-rowlayout\"><div class=\"kt-row-column-wrap kt-has-1-columns kt-row-layout-equal kt-tab-layout-inherit kt-mobile-layout-row kt-row-valign-top kb-theme-content-width\">\n<style>.kadence-column829_aa16c9-0e > .kt-inside-inner-col,.kadence-column829_aa16c9-0e > .kt-inside-inner-col:before{border-top-left-radius:0px;border-top-right-radius:0px;border-bottom-right-radius:0px;border-bottom-left-radius:0px;}.kadence-column829_aa16c9-0e > .kt-inside-inner-col{column-gap:var(--global-kb-gap-sm, 1rem);}.kadence-column829_aa16c9-0e > .kt-inside-inner-col{flex-direction:column;}.kadence-column829_aa16c9-0e > .kt-inside-inner-col > .aligncenter{width:100%;}.kadence-column829_aa16c9-0e > .kt-inside-inner-col:before{opacity:0.3;}.kadence-column829_aa16c9-0e{position:relative;}@media all and (max-width: 1024px){.kadence-column829_aa16c9-0e > .kt-inside-inner-col{flex-direction:column;justify-content:center;}}@media all and (max-width: 767px){.kadence-column829_aa16c9-0e > .kt-inside-inner-col{flex-direction:column;justify-content:center;}}<\/style>\n<div class=\"wp-block-kadence-column kadence-column829_aa16c9-0e\"><div class=\"kt-inside-inner-col\"><style>.kb-row-layout-id829_a0eb21-f0 > .kt-row-column-wrap{align-content:start;}:where(.kb-row-layout-id829_a0eb21-f0 > .kt-row-column-wrap) > .wp-block-kadence-column{justify-content:start;}.kb-row-layout-id829_a0eb21-f0 > .kt-row-column-wrap{column-gap:var(--global-kb-gap-lg, 4rem);row-gap:var(--global-kb-gap-md, 2rem);padding-top:var(--global-kb-spacing-sm, 1.5rem);padding-bottom:var(--global-kb-spacing-lg, 3rem);grid-template-columns:repeat(2, minmax(0, 1fr));}.kb-row-layout-id829_a0eb21-f0 > .kt-row-layout-overlay{opacity:0.30;}@media all and (max-width: 1024px){.kb-row-layout-id829_a0eb21-f0 > .kt-row-column-wrap{column-gap:var(--global-kb-gap-sm, 1rem);grid-template-columns:repeat(2, minmax(0, 1fr));}}@media all and (max-width: 767px){.kb-row-layout-id829_a0eb21-f0 > .kt-row-column-wrap{grid-template-columns:minmax(0, 1fr);}}<\/style><div class=\"kb-row-layout-wrap kb-row-layout-id829_a0eb21-f0 alignnone wp-block-kadence-rowlayout\"><div class=\"kt-row-column-wrap kt-has-2-columns kt-row-layout-equal kt-tab-layout-inherit kt-mobile-layout-row kt-row-valign-top\">\n<style>.kadence-column829_9cfe7d-55 > .kt-inside-inner-col,.kadence-column829_9cfe7d-55 > .kt-inside-inner-col:before{border-top-left-radius:0px;border-top-right-radius:0px;border-bottom-right-radius:0px;border-bottom-left-radius:0px;}.kadence-column829_9cfe7d-55 > .kt-inside-inner-col{column-gap:var(--global-kb-gap-sm, 1rem);}.kadence-column829_9cfe7d-55 > .kt-inside-inner-col{flex-direction:column;}.kadence-column829_9cfe7d-55 > .kt-inside-inner-col > .aligncenter{width:100%;}.kadence-column829_9cfe7d-55 > .kt-inside-inner-col:before{opacity:0.3;}.kadence-column829_9cfe7d-55{position:relative;}@media all and (max-width: 1024px){.kadence-column829_9cfe7d-55 > .kt-inside-inner-col{flex-direction:column;justify-content:center;}}@media all and (max-width: 767px){.kadence-column829_9cfe7d-55 > .kt-inside-inner-col{flex-direction:column;justify-content:center;}}<\/style>\n<div class=\"wp-block-kadence-column kadence-column829_9cfe7d-55\"><div class=\"kt-inside-inner-col\"><style>.wp-block-kadence-advancedheading.kt-adv-heading829_d44982-2b, .wp-block-kadence-advancedheading.kt-adv-heading829_d44982-2b[data-kb-block=\"kb-adv-heading829_d44982-2b\"]{margin-bottom:var(--global-kb-spacing-xs, 1rem);text-align:left;font-style:normal;text-transform:uppercase;}.wp-block-kadence-advancedheading.kt-adv-heading829_d44982-2b mark.kt-highlight, .wp-block-kadence-advancedheading.kt-adv-heading829_d44982-2b[data-kb-block=\"kb-adv-heading829_d44982-2b\"] mark.kt-highlight{font-style:normal;color:#f76a0c;-webkit-box-decoration-break:clone;box-decoration-break:clone;padding-top:0px;padding-right:0px;padding-bottom:0px;padding-left:0px;}.wp-block-kadence-advancedheading.kt-adv-heading829_d44982-2b img.kb-inline-image, .wp-block-kadence-advancedheading.kt-adv-heading829_d44982-2b[data-kb-block=\"kb-adv-heading829_d44982-2b\"] img.kb-inline-image{width:150px;vertical-align:baseline;}@media all and (max-width: 1024px){.wp-block-kadence-advancedheading.kt-adv-heading829_d44982-2b, .wp-block-kadence-advancedheading.kt-adv-heading829_d44982-2b[data-kb-block=\"kb-adv-heading829_d44982-2b\"]{text-align:left!important;}}@media all and (max-width: 767px){.wp-block-kadence-advancedheading.kt-adv-heading829_d44982-2b, .wp-block-kadence-advancedheading.kt-adv-heading829_d44982-2b[data-kb-block=\"kb-adv-heading829_d44982-2b\"]{text-align:center!important;}}<\/style>\n<div class=\"kt-adv-heading829_d44982-2b wp-block-kadence-advancedheading has-theme-palette-1-color has-text-color\" data-kb-block=\"kb-adv-heading829_d44982-2b\">Les Sessions R\u00e9elles<\/div>\n\n\n<style>.wp-block-kadence-advancedheading.kt-adv-heading829_e334f4-3f, .wp-block-kadence-advancedheading.kt-adv-heading829_e334f4-3f[data-kb-block=\"kb-adv-heading829_e334f4-3f\"]{max-width:600px;margin-top:0px;margin-bottom:var(--global-kb-spacing-md, 2rem);text-align:left;font-size:var(--global-kb-font-size-lg, 2rem);line-height:1.1;font-style:normal;text-transform:uppercase;}.wp-block-kadence-advancedheading.kt-adv-heading829_e334f4-3f mark.kt-highlight, .wp-block-kadence-advancedheading.kt-adv-heading829_e334f4-3f[data-kb-block=\"kb-adv-heading829_e334f4-3f\"] mark.kt-highlight{font-style:normal;color:#f76a0c;-webkit-box-decoration-break:clone;box-decoration-break:clone;padding-top:0px;padding-right:0px;padding-bottom:0px;padding-left:0px;}.wp-block-kadence-advancedheading.kt-adv-heading829_e334f4-3f img.kb-inline-image, .wp-block-kadence-advancedheading.kt-adv-heading829_e334f4-3f[data-kb-block=\"kb-adv-heading829_e334f4-3f\"] img.kb-inline-image{width:150px;vertical-align:baseline;}@media all and (max-width: 767px){.wp-block-kadence-advancedheading.kt-adv-heading829_e334f4-3f, .wp-block-kadence-advancedheading.kt-adv-heading829_e334f4-3f[data-kb-block=\"kb-adv-heading829_e334f4-3f\"]{margin-bottom:0px;text-align:center!important;}}<\/style>\n<h2 class=\"kt-adv-heading829_e334f4-3f wp-block-kadence-advancedheading has-theme-palette-3-color has-text-color\" data-kb-block=\"kb-adv-heading829_e334f4-3f\">LE R\u00c9EL EXISTE, MAIS DEMEURE RARE.<\/h2>\n<\/div><\/div>\n\n\n<style>.kadence-column829_893fde-8c > .kt-inside-inner-col,.kadence-column829_893fde-8c > .kt-inside-inner-col:before{border-top-left-radius:0px;border-top-right-radius:0px;border-bottom-right-radius:0px;border-bottom-left-radius:0px;}.kadence-column829_893fde-8c > .kt-inside-inner-col{column-gap:var(--global-kb-gap-sm, 1rem);}.kadence-column829_893fde-8c > .kt-inside-inner-col{flex-direction:column;}.kadence-column829_893fde-8c > .kt-inside-inner-col > .aligncenter{width:100%;}.kadence-column829_893fde-8c > .kt-inside-inner-col:before{opacity:0.3;}.kadence-column829_893fde-8c{position:relative;}@media all and (max-width: 1024px){.kadence-column829_893fde-8c > .kt-inside-inner-col{flex-direction:column;justify-content:center;}}@media all and (max-width: 767px){.kadence-column829_893fde-8c > .kt-inside-inner-col{flex-direction:column;justify-content:center;}}<\/style>\n<div class=\"wp-block-kadence-column kadence-column829_893fde-8c\"><div class=\"kt-inside-inner-col\">\n<p>Les sessions en r\u00e9el prennent place lorsque le cadre et l\u2019intention sont align\u00e9s.<br><br>Mon approche reste fid\u00e8le \u00e0 mon univers : attentive, structur\u00e9e, subtile. Une attention particuli\u00e8re port\u00e9e aux lignes, aux mati\u00e8res\u2026 et aux pieds.<br><br>Ces rencontres s\u2019adressent \u00e0 des personnes conscientes et respectueuses. Rien ne s\u2019improvise. Tout se construit.<\/p>\n<\/div><\/div>\n\n<\/div><\/div>\n\n<style>.kb-row-layout-id829_0c396d-56 > .kt-row-column-wrap{align-content:start;}:where(.kb-row-layout-id829_0c396d-56 > .kt-row-column-wrap) > .wp-block-kadence-column{justify-content:start;}.kb-row-layout-id829_0c396d-56 > .kt-row-column-wrap{column-gap:var(--global-kb-gap-md, 2rem);row-gap:var(--global-kb-gap-md, 2rem);padding-top:var(--global-kb-spacing-sm, 1.5rem);padding-bottom:var(--global-kb-spacing-sm, 1.5rem);}.kb-row-layout-id829_0c396d-56 > .kt-row-column-wrap > div:not(.added-for-specificity){grid-column:initial;}.kb-row-layout-id829_0c396d-56 > .kt-row-column-wrap{grid-template-columns:minmax(0, 1fr) minmax(0, 6fr) minmax(0, 1fr);}.kb-row-layout-id829_0c396d-56 > .kt-row-layout-overlay{opacity:0.30;}@media all and (max-width: 1024px){.kb-row-layout-id829_0c396d-56 > .kt-row-column-wrap > div:not(.added-for-specificity){grid-column:initial;}}@media all and (max-width: 1024px){.kb-row-layout-id829_0c396d-56 > .kt-row-column-wrap{grid-template-columns:minmax(0, 1fr) minmax(0, 6fr) minmax(0, 1fr);}}@media all and (max-width: 767px){.kb-row-layout-id829_0c396d-56 > .kt-row-column-wrap > div:not(.added-for-specificity){grid-column:initial;}.kb-row-layout-id829_0c396d-56 > .kt-row-column-wrap{grid-template-columns:minmax(0, 1fr);}}<\/style><div class=\"kb-row-layout-wrap kb-row-layout-id829_0c396d-56 alignnone wp-block-kadence-rowlayout\"><div class=\"kt-row-column-wrap kt-has-3-columns kt-row-layout-center-exwide kt-tab-layout-inherit kt-mobile-layout-row kt-row-valign-top\">\n<style>.kadence-column829_9f29d5-d9 > .kt-inside-inner-col,.kadence-column829_9f29d5-d9 > .kt-inside-inner-col:before{border-top-left-radius:0px;border-top-right-radius:0px;border-bottom-right-radius:0px;border-bottom-left-radius:0px;}.kadence-column829_9f29d5-d9 > .kt-inside-inner-col{column-gap:var(--global-kb-gap-sm, 1rem);}.kadence-column829_9f29d5-d9 > .kt-inside-inner-col{flex-direction:column;}.kadence-column829_9f29d5-d9 > .kt-inside-inner-col > .aligncenter{width:100%;}.kadence-column829_9f29d5-d9 > .kt-inside-inner-col:before{opacity:0.3;}.kadence-column829_9f29d5-d9{position:relative;}@media all and (max-width: 1024px){.kadence-column829_9f29d5-d9 > .kt-inside-inner-col{flex-direction:column;justify-content:center;}}@media all and (max-width: 767px){.kadence-column829_9f29d5-d9 > .kt-inside-inner-col{flex-direction:column;justify-content:center;}}<\/style>\n<div class=\"wp-block-kadence-column kadence-column829_9f29d5-d9\"><div class=\"kt-inside-inner-col\"><\/div><\/div>\n\n\n<style>.kadence-column829_d8593e-93 > .kt-inside-inner-col,.kadence-column829_d8593e-93 > .kt-inside-inner-col:before{border-top-left-radius:0px;border-top-right-radius:0px;border-bottom-right-radius:0px;border-bottom-left-radius:0px;}.kadence-column829_d8593e-93 > .kt-inside-inner-col{column-gap:var(--global-kb-gap-sm, 1rem);}.kadence-column829_d8593e-93 > .kt-inside-inner-col{flex-direction:column;}.kadence-column829_d8593e-93 > .kt-inside-inner-col > .aligncenter{width:100%;}.kadence-column829_d8593e-93 > .kt-inside-inner-col:before{opacity:0.3;}.kadence-column829_d8593e-93{position:relative;}@media all and (max-width: 1024px){.kadence-column829_d8593e-93 > .kt-inside-inner-col{flex-direction:column;justify-content:center;}}@media all and (max-width: 767px){.kadence-column829_d8593e-93 > .kt-inside-inner-col{flex-direction:column;justify-content:center;}}<\/style>\n<div class=\"wp-block-kadence-column kadence-column829_d8593e-93\"><div class=\"kt-inside-inner-col\"><style>.wp-block-kadence-advancedheading.kt-adv-heading829_4ff9da-28, .wp-block-kadence-advancedheading.kt-adv-heading829_4ff9da-28[data-kb-block=\"kb-adv-heading829_4ff9da-28\"]{text-align:center;font-style:normal;}.wp-block-kadence-advancedheading.kt-adv-heading829_4ff9da-28 mark.kt-highlight, .wp-block-kadence-advancedheading.kt-adv-heading829_4ff9da-28[data-kb-block=\"kb-adv-heading829_4ff9da-28\"] mark.kt-highlight{font-style:normal;color:#f76a0c;-webkit-box-decoration-break:clone;box-decoration-break:clone;padding-top:0px;padding-right:0px;padding-bottom:0px;padding-left:0px;}.wp-block-kadence-advancedheading.kt-adv-heading829_4ff9da-28 img.kb-inline-image, .wp-block-kadence-advancedheading.kt-adv-heading829_4ff9da-28[data-kb-block=\"kb-adv-heading829_4ff9da-28\"] img.kb-inline-image{width:150px;vertical-align:baseline;}<\/style>\n<h2 class=\"kt-adv-heading829_4ff9da-28 wp-block-kadence-advancedheading\" data-kb-block=\"kb-adv-heading829_4ff9da-28\">Prochain Agenda : <br><br>\u00c0 venir<\/h2>\n<\/div><\/div>\n\n\n<style>.kadence-column829_44478f-7c > .kt-inside-inner-col,.kadence-column829_44478f-7c > .kt-inside-inner-col:before{border-top-left-radius:0px;border-top-right-radius:0px;border-bottom-right-radius:0px;border-bottom-left-radius:0px;}.kadence-column829_44478f-7c > .kt-inside-inner-col{column-gap:var(--global-kb-gap-sm, 1rem);}.kadence-column829_44478f-7c > .kt-inside-inner-col{flex-direction:column;}.kadence-column829_44478f-7c > .kt-inside-inner-col > .aligncenter{width:100%;}.kadence-column829_44478f-7c > .kt-inside-inner-col:before{opacity:0.3;}.kadence-column829_44478f-7c{position:relative;}@media all and (max-width: 1024px){.kadence-column829_44478f-7c > .kt-inside-inner-col{flex-direction:column;justify-content:center;}}@media all and (max-width: 767px){.kadence-column829_44478f-7c > .kt-inside-inner-col{flex-direction:column;justify-content:center;}}<\/style>\n<div class=\"wp-block-kadence-column kadence-column829_44478f-7c\"><div class=\"kt-inside-inner-col\"><\/div><\/div>\n\n<\/div><\/div><\/div><\/div>\n\n<\/div><\/div>\n\n<style>.kadence-column829_5de77a-c5 > .kt-inside-inner-col,.kadence-column829_5de77a-c5 > .kt-inside-inner-col:before{border-top-left-radius:0px;border-top-right-radius:0px;border-bottom-right-radius:0px;border-bottom-left-radius:0px;}.kadence-column829_5de77a-c5 > .kt-inside-inner-col{column-gap:var(--global-kb-gap-sm, 1rem);}.kadence-column829_5de77a-c5 > .kt-inside-inner-col{flex-direction:column;}.kadence-column829_5de77a-c5 > .kt-inside-inner-col > .aligncenter{width:100%;}.kadence-column829_5de77a-c5 > .kt-inside-inner-col:before{opacity:0.3;}.kadence-column829_5de77a-c5{position:relative;}@media all and (max-width: 1024px){.kadence-column829_5de77a-c5 > .kt-inside-inner-col{flex-direction:column;justify-content:center;}}@media all and (max-width: 767px){.kadence-column829_5de77a-c5 > .kt-inside-inner-col{flex-direction:column;justify-content:center;}}<\/style>\n<div class=\"wp-block-kadence-column kadence-column829_5de77a-c5\"><div class=\"kt-inside-inner-col\">\n<div class=\"wp-block-buttons is-content-justification-center is-layout-flex wp-container-core-buttons-is-layout-16018d1d wp-block-buttons-is-layout-flex\">\n<div class=\"wp-block-button\"><a class=\"wp-block-button__link has-text-align-center wp-element-button\" href=\"https:\/\/subsexcretary.com\/contacts\/\">Me Contacter<\/a><\/div>\n<\/div>\n<\/div><\/div>\n\n\n\n<p><\/p>\n","protected":false},"excerpt":{"rendered":"<p>Les Sessions R\u00e9elles LE R\u00c9EL EXISTE, MAIS DEMEURE RARE. Les sessions en r\u00e9el prennent place lorsque le cadre et l\u2019intention sont align\u00e9s. Mon approche reste fid\u00e8le \u00e0 mon univers : attentive, structur\u00e9e, subtile. Une attention particuli\u00e8re port\u00e9e aux lignes, aux mati\u00e8res\u2026 et aux pieds. Ces rencontres s\u2019adressent \u00e0 des personnes conscientes et respectueuses. Rien ne&#8230;<\/p>","protected":false},"author":1,"featured_media":0,"parent":0,"menu_order":0,"comment_status":"closed","ping_status":"closed","template":"","meta":{"_kadence_starter_templates_imported_post":false,"_kad_post_transparent":"","_kad_post_title":"","_kad_post_layout":"","_kad_post_sidebar_id":"","_kad_post_content_style":"","_kad_post_vertical_padding":"","_kad_post_feature":"","_kad_post_feature_position":"","_kad_post_header":false,"_kad_post_footer":false,"_kad_post_classname":"","footnotes":""},"class_list":["post-829","page","type-page","status-publish","hentry"],"_links":{"self":[{"href":"https:\/\/subsexcretary.com\/pt\/wp-json\/wp\/v2\/pages\/829","targetHints":{"allow":["GET"]}}],"collection":[{"href":"https:\/\/subsexcretary.com\/pt\/wp-json\/wp\/v2\/pages"}],"about":[{"href":"https:\/\/subsexcretary.com\/pt\/wp-json\/wp\/v2\/types\/page"}],"author":[{"embeddable":true,"href":"https:\/\/subsexcretary.com\/pt\/wp-json\/wp\/v2\/users\/1"}],"replies":[{"embeddable":true,"href":"https:\/\/subsexcretary.com\/pt\/wp-json\/wp\/v2\/comments?post=829"}],"version-history":[{"count":3,"href":"https:\/\/subsexcretary.com\/pt\/wp-json\/wp\/v2\/pages\/829\/revisions"}],"predecessor-version":[{"id":858,"href":"https:\/\/subsexcretary.com\/pt\/wp-json\/wp\/v2\/pages\/829\/revisions\/858"}],"wp:attachment":[{"href":"https:\/\/subsexcretary.com\/pt\/wp-json\/wp\/v2\/media?parent=829"}],"curies":[{"name":"wp","href":"https:\/\/api.w.org\/{rel}","templated":true}]}}