{"id":617,"date":"2026-01-13T17:21:55","date_gmt":"2026-01-13T16:21:55","guid":{"rendered":"https:\/\/subsexcretary.com\/?page_id=617"},"modified":"2026-03-18T18:56:34","modified_gmt":"2026-03-18T17:56:34","slug":"a-propos","status":"publish","type":"page","link":"https:\/\/subsexcretary.com\/pt\/a-propos\/","title":{"rendered":"\u00c0 propos"},"content":{"rendered":"<style>.kb-row-layout-id617_2baea0-a0 > .kt-row-column-wrap{align-content:start;}:where(.kb-row-layout-id617_2baea0-a0 > .kt-row-column-wrap) > .wp-block-kadence-column{justify-content:start;}.kb-row-layout-id617_2baea0-a0 > .kt-row-column-wrap{column-gap:var(--global-kb-gap-md, 2rem);row-gap:var(--global-kb-gap-md, 2rem);padding-top:var(--global-kb-spacing-sm, 1.5rem);padding-bottom:var(--global-kb-spacing-sm, 1.5rem);grid-template-columns:minmax(0, 1fr) minmax(0, 2fr);}.kb-row-layout-id617_2baea0-a0 > .kt-row-layout-overlay{opacity:0.30;}@media all and (max-width: 1024px){.kb-row-layout-id617_2baea0-a0 > .kt-row-column-wrap{grid-template-columns:minmax(0, 1fr) minmax(0, 2fr);}}@media all and (max-width: 767px){.kb-row-layout-id617_2baea0-a0 > .kt-row-column-wrap{grid-template-columns:minmax(0, 1fr);}}<\/style><div class=\"kb-row-layout-wrap kb-row-layout-id617_2baea0-a0 alignnone wp-block-kadence-rowlayout\"><div class=\"kt-row-column-wrap kt-has-2-columns kt-row-layout-right-golden kt-tab-layout-inherit kt-mobile-layout-row kt-row-valign-top\">\n<style>.kadence-column617_fe446f-35 > .kt-inside-inner-col,.kadence-column617_fe446f-35 > .kt-inside-inner-col:before{border-top-left-radius:0px;border-top-right-radius:0px;border-bottom-right-radius:0px;border-bottom-left-radius:0px;}.kadence-column617_fe446f-35 > .kt-inside-inner-col{column-gap:var(--global-kb-gap-sm, 1rem);}.kadence-column617_fe446f-35 > .kt-inside-inner-col{flex-direction:column;}.kadence-column617_fe446f-35 > .kt-inside-inner-col > .aligncenter{width:100%;}.kadence-column617_fe446f-35 > .kt-inside-inner-col:before{opacity:0.3;}.kadence-column617_fe446f-35{position:relative;}@media all and (max-width: 1024px){.kadence-column617_fe446f-35 > .kt-inside-inner-col{flex-direction:column;justify-content:center;}}@media all and (max-width: 767px){.kadence-column617_fe446f-35 > .kt-inside-inner-col{flex-direction:column;justify-content:center;}}<\/style>\n<div class=\"wp-block-kadence-column kadence-column617_fe446f-35\"><div class=\"kt-inside-inner-col\">\n<figure class=\"wp-block-image size-large\"><img loading=\"lazy\" decoding=\"async\" width=\"768\" height=\"1024\" src=\"https:\/\/subsexcretary.com\/wp-content\/uploads\/2026\/03\/IMG_4351-768x1024.jpg\" alt=\"\" class=\"wp-image-796\" srcset=\"https:\/\/subsexcretary.com\/wp-content\/uploads\/2026\/03\/IMG_4351-768x1024.jpg 768w, https:\/\/subsexcretary.com\/wp-content\/uploads\/2026\/03\/IMG_4351-225x300.jpg 225w, https:\/\/subsexcretary.com\/wp-content\/uploads\/2026\/03\/IMG_4351-1152x1536.jpg 1152w, https:\/\/subsexcretary.com\/wp-content\/uploads\/2026\/03\/IMG_4351-1536x2048.jpg 1536w, https:\/\/subsexcretary.com\/wp-content\/uploads\/2026\/03\/IMG_4351-scaled.jpg 1920w\" sizes=\"auto, (max-width: 768px) 100vw, 768px\" \/><\/figure>\n<\/div><\/div>\n\n\n<style>.kadence-column617_4fe082-c4 > .kt-inside-inner-col,.kadence-column617_4fe082-c4 > .kt-inside-inner-col:before{border-top-left-radius:0px;border-top-right-radius:0px;border-bottom-right-radius:0px;border-bottom-left-radius:0px;}.kadence-column617_4fe082-c4 > .kt-inside-inner-col{column-gap:var(--global-kb-gap-sm, 1rem);}.kadence-column617_4fe082-c4 > .kt-inside-inner-col{flex-direction:column;}.kadence-column617_4fe082-c4 > .kt-inside-inner-col > .aligncenter{width:100%;}.kadence-column617_4fe082-c4 > .kt-inside-inner-col:before{opacity:0.3;}.kadence-column617_4fe082-c4{position:relative;}@media all and (max-width: 1024px){.kadence-column617_4fe082-c4 > .kt-inside-inner-col{flex-direction:column;justify-content:center;}}@media all and (max-width: 767px){.kadence-column617_4fe082-c4 > .kt-inside-inner-col{flex-direction:column;justify-content:center;}}<\/style>\n<div class=\"wp-block-kadence-column kadence-column617_4fe082-c4\"><div class=\"kt-inside-inner-col\"><style>.wp-block-kadence-advancedheading.kt-adv-heading617_c0e9df-33, .wp-block-kadence-advancedheading.kt-adv-heading617_c0e9df-33[data-kb-block=\"kb-adv-heading617_c0e9df-33\"]{font-style:normal;}.wp-block-kadence-advancedheading.kt-adv-heading617_c0e9df-33 mark.kt-highlight, .wp-block-kadence-advancedheading.kt-adv-heading617_c0e9df-33[data-kb-block=\"kb-adv-heading617_c0e9df-33\"] mark.kt-highlight{font-style:normal;color:#f76a0c;-webkit-box-decoration-break:clone;box-decoration-break:clone;padding-top:0px;padding-right:0px;padding-bottom:0px;padding-left:0px;}.wp-block-kadence-advancedheading.kt-adv-heading617_c0e9df-33 img.kb-inline-image, .wp-block-kadence-advancedheading.kt-adv-heading617_c0e9df-33[data-kb-block=\"kb-adv-heading617_c0e9df-33\"] img.kb-inline-image{width:150px;vertical-align:baseline;}<\/style>\n<h2 class=\"kt-adv-heading617_c0e9df-33 wp-block-kadence-advancedheading\" data-kb-block=\"kb-adv-heading617_c0e9df-33\">Qui suis-je ?<\/h2>\n\n\n\n<p>Je suis la <em>Sexcretary<\/em>.<br><br>Cet alter ego ne s\u2019est pas impos\u00e9 comme un r\u00f4le. Je l\u2019ai reconnu dans la mani\u00e8re dont les \u00e9changes prenaient une autre profondeur d\u00e8s qu\u2019un cadre clair \u00e9tait pos\u00e9.<\/p>\n\n\n\n<p>Je suis attentive \u00e0 ce qui se dit, et \u00e0 ce qui ne se dit pas. \u00c0 ce qui rassure, \u00e0 ce qui retient, \u00e0 ce qui appelle le l\u00e2cher-prise lorsque la confiance est l\u00e0.<\/p>\n\n\n\n<p>Mon univers subtil et c\u00e9r\u00e9bral se construit dans les d\u00e9tails :<br>l&rsquo;\u00e9l\u00e9gance, le savoir vivre, un go\u00fbt marqu\u00e9 pour les chaussures, pour les lignes qu\u2019elles dessinent, pour ce qu\u2019elles sugg\u00e8rent. Les nylons y trouvent naturellement leur place, discrets, mais jamais anodins.<\/p>\n\n\n\n<p>Une part plus libre s\u2019exprime \u00e0 travers la voix, les mots, les \u00e9changes. Le t\u00e9l\u00e9phone, les formats audio, les r\u00e9cits deviennent alors d\u2019autres terrains d\u2019exploration.<\/p>\n\n\n\n<p>Ma domination ne s\u2019impose pas par la force. Elle repose sur l\u2019observation, la constance, et une ma\u00eetrise attentive. Quand ces \u00e9l\u00e9ments sont en place, rien n\u2019est \u00e0 forcer. <\/p>\n\n\n\n<p>Ici, le cadre pr\u00e9c\u00e8de toujours l\u2019envie.<\/p>\n<\/div><\/div>\n\n<\/div><\/div>\n\n<style>.kb-row-layout-id617_919737-9d > .kt-row-column-wrap{align-content:start;}:where(.kb-row-layout-id617_919737-9d > .kt-row-column-wrap) > .wp-block-kadence-column{justify-content:start;}.kb-row-layout-id617_919737-9d > .kt-row-column-wrap{column-gap:var(--global-kb-gap-md, 2rem);row-gap:var(--global-kb-gap-md, 2rem);padding-top:var(--global-kb-spacing-sm, 1.5rem);padding-bottom:var(--global-kb-spacing-sm, 1.5rem);grid-template-columns:minmax(0, 2fr) minmax(0, 1fr);}.kb-row-layout-id617_919737-9d > .kt-row-layout-overlay{opacity:0.30;}@media all and (max-width: 1024px){.kb-row-layout-id617_919737-9d > .kt-row-column-wrap{grid-template-columns:minmax(0, 2fr) minmax(0, 1fr);}}@media all and (max-width: 767px){.kb-row-layout-id617_919737-9d > .kt-row-column-wrap{grid-template-columns:minmax(0, 1fr);}}<\/style><div class=\"kb-row-layout-wrap kb-row-layout-id617_919737-9d alignnone wp-block-kadence-rowlayout\"><div class=\"kt-row-column-wrap kt-has-2-columns kt-row-layout-left-golden kt-tab-layout-inherit kt-mobile-layout-row kt-row-valign-top\">\n<style>.kadence-column617_83c5e8-79 > .kt-inside-inner-col,.kadence-column617_83c5e8-79 > .kt-inside-inner-col:before{border-top-left-radius:0px;border-top-right-radius:0px;border-bottom-right-radius:0px;border-bottom-left-radius:0px;}.kadence-column617_83c5e8-79 > .kt-inside-inner-col{column-gap:var(--global-kb-gap-sm, 1rem);}.kadence-column617_83c5e8-79 > .kt-inside-inner-col{flex-direction:column;}.kadence-column617_83c5e8-79 > .kt-inside-inner-col > .aligncenter{width:100%;}.kadence-column617_83c5e8-79 > .kt-inside-inner-col:before{opacity:0.3;}.kadence-column617_83c5e8-79{position:relative;}@media all and (max-width: 1024px){.kadence-column617_83c5e8-79 > .kt-inside-inner-col{flex-direction:column;justify-content:center;}}@media all and (max-width: 767px){.kadence-column617_83c5e8-79 > .kt-inside-inner-col{flex-direction:column;justify-content:center;}}<\/style>\n<div class=\"wp-block-kadence-column kadence-column617_83c5e8-79\"><div class=\"kt-inside-inner-col\">\n<p><\/p>\n\n\n<style>.wp-block-kadence-advancedheading.kt-adv-heading617_26930e-d1, .wp-block-kadence-advancedheading.kt-adv-heading617_26930e-d1[data-kb-block=\"kb-adv-heading617_26930e-d1\"]{font-style:normal;}.wp-block-kadence-advancedheading.kt-adv-heading617_26930e-d1 mark.kt-highlight, .wp-block-kadence-advancedheading.kt-adv-heading617_26930e-d1[data-kb-block=\"kb-adv-heading617_26930e-d1\"] mark.kt-highlight{font-style:normal;color:#f76a0c;-webkit-box-decoration-break:clone;box-decoration-break:clone;padding-top:0px;padding-right:0px;padding-bottom:0px;padding-left:0px;}.wp-block-kadence-advancedheading.kt-adv-heading617_26930e-d1 img.kb-inline-image, .wp-block-kadence-advancedheading.kt-adv-heading617_26930e-d1[data-kb-block=\"kb-adv-heading617_26930e-d1\"] img.kb-inline-image{width:150px;vertical-align:baseline;}<\/style>\n<h2 class=\"kt-adv-heading617_26930e-d1 wp-block-kadence-advancedheading\" data-kb-block=\"kb-adv-heading617_26930e-d1\">Ma conception du BDSM<\/h2>\n\n\n\n<p>Pour moi, le BDSM n\u2019est ni une performance, ni un d\u00e9fouloir.<br>C\u2019est un langage. Une forme d\u2019expression, parfois non verbale, toujours codifi\u00e9e.<br>Un art de vivre.<\/p>\n\n\n\n<p>Un jeu entre adultes pleinement consentants et \u00e9clair\u00e9s, qui exige confiance, s\u00e9curit\u00e9, responsabilit\u00e9 et respect de l\u2019autre.<br><br>Le cadre et les r\u00e8gles ne sont pas une contrainte. Ils sont ce qui rend l\u2019exploration possible, juste et ma\u00eetris\u00e9e. Sans cadre, il n\u2019y a que de la confusion. Avec lui, il y a de la libert\u00e9.<\/p>\n\n\n\n<p>Cette approche demande du temps, de l\u2019\u00e9coute et une maturit\u00e9 r\u00e9elle.<\/p>\n<\/div><\/div>\n\n\n<style>.kadence-column617_7ddbbc-cc > .kt-inside-inner-col,.kadence-column617_7ddbbc-cc > .kt-inside-inner-col:before{border-top-left-radius:0px;border-top-right-radius:0px;border-bottom-right-radius:0px;border-bottom-left-radius:0px;}.kadence-column617_7ddbbc-cc > .kt-inside-inner-col{column-gap:var(--global-kb-gap-sm, 1rem);}.kadence-column617_7ddbbc-cc > .kt-inside-inner-col{flex-direction:column;}.kadence-column617_7ddbbc-cc > .kt-inside-inner-col > .aligncenter{width:100%;}.kadence-column617_7ddbbc-cc > .kt-inside-inner-col:before{opacity:0.3;}.kadence-column617_7ddbbc-cc{position:relative;}@media all and (max-width: 1024px){.kadence-column617_7ddbbc-cc > .kt-inside-inner-col{flex-direction:column;justify-content:center;}}@media all and (max-width: 767px){.kadence-column617_7ddbbc-cc > .kt-inside-inner-col{flex-direction:column;justify-content:center;}}<\/style>\n<div class=\"wp-block-kadence-column kadence-column617_7ddbbc-cc\"><div class=\"kt-inside-inner-col\">\n<figure class=\"wp-block-image size-large\"><img loading=\"lazy\" decoding=\"async\" width=\"694\" height=\"1024\" src=\"https:\/\/subsexcretary.com\/wp-content\/uploads\/2026\/03\/IMG_4328-694x1024.jpg\" alt=\"\" class=\"wp-image-795\" srcset=\"https:\/\/subsexcretary.com\/wp-content\/uploads\/2026\/03\/IMG_4328-694x1024.jpg 694w, https:\/\/subsexcretary.com\/wp-content\/uploads\/2026\/03\/IMG_4328-203x300.jpg 203w, https:\/\/subsexcretary.com\/wp-content\/uploads\/2026\/03\/IMG_4328-768x1134.jpg 768w, https:\/\/subsexcretary.com\/wp-content\/uploads\/2026\/03\/IMG_4328-1041x1536.jpg 1041w, https:\/\/subsexcretary.com\/wp-content\/uploads\/2026\/03\/IMG_4328-1388x2048.jpg 1388w, https:\/\/subsexcretary.com\/wp-content\/uploads\/2026\/03\/IMG_4328-scaled.jpg 1734w\" sizes=\"auto, (max-width: 694px) 100vw, 694px\" \/><\/figure>\n<\/div><\/div>\n\n<\/div><\/div>\n\n\n\n\n<p><\/p>\n\n\n","protected":false},"excerpt":{"rendered":"<p>Qui suis-je ? Je suis la Sexcretary. Cet alter ego ne s\u2019est pas impos\u00e9 comme un r\u00f4le. Je l\u2019ai reconnu dans la mani\u00e8re dont les \u00e9changes prenaient une autre profondeur d\u00e8s qu\u2019un cadre clair \u00e9tait pos\u00e9. Je suis attentive \u00e0 ce qui se dit, et \u00e0 ce qui ne se dit pas. \u00c0 ce qui&#8230;<\/p>","protected":false},"author":1,"featured_media":0,"parent":0,"menu_order":0,"comment_status":"closed","ping_status":"closed","template":"","meta":{"_kadence_starter_templates_imported_post":false,"_kad_post_transparent":"","_kad_post_title":"","_kad_post_layout":"","_kad_post_sidebar_id":"","_kad_post_content_style":"","_kad_post_vertical_padding":"","_kad_post_feature":"","_kad_post_feature_position":"","_kad_post_header":false,"_kad_post_footer":false,"_kad_post_classname":"","footnotes":""},"class_list":["post-617","page","type-page","status-publish","hentry"],"_links":{"self":[{"href":"https:\/\/subsexcretary.com\/pt\/wp-json\/wp\/v2\/pages\/617","targetHints":{"allow":["GET"]}}],"collection":[{"href":"https:\/\/subsexcretary.com\/pt\/wp-json\/wp\/v2\/pages"}],"about":[{"href":"https:\/\/subsexcretary.com\/pt\/wp-json\/wp\/v2\/types\/page"}],"author":[{"embeddable":true,"href":"https:\/\/subsexcretary.com\/pt\/wp-json\/wp\/v2\/users\/1"}],"replies":[{"embeddable":true,"href":"https:\/\/subsexcretary.com\/pt\/wp-json\/wp\/v2\/comments?post=617"}],"version-history":[{"count":21,"href":"https:\/\/subsexcretary.com\/pt\/wp-json\/wp\/v2\/pages\/617\/revisions"}],"predecessor-version":[{"id":827,"href":"https:\/\/subsexcretary.com\/pt\/wp-json\/wp\/v2\/pages\/617\/revisions\/827"}],"wp:attachment":[{"href":"https:\/\/subsexcretary.com\/pt\/wp-json\/wp\/v2\/media?parent=617"}],"curies":[{"name":"wp","href":"https:\/\/api.w.org\/{rel}","templated":true}]}}