{"id":16,"date":"2022-11-07T14:54:04","date_gmt":"2022-11-07T14:54:04","guid":{"rendered":"https:\/\/kadence.pixel-show.com\/influencer\/?page_id=16"},"modified":"2026-03-30T17:37:09","modified_gmt":"2026-03-30T15:37:09","slug":"contacts","status":"publish","type":"page","link":"https:\/\/subsexcretary.com\/pt\/contacts\/","title":{"rendered":"Contact"},"content":{"rendered":"<style>.kb-row-layout-id16_1dcd82-ce > .kt-row-column-wrap{align-content:start;}:where(.kb-row-layout-id16_1dcd82-ce > .kt-row-column-wrap) > .wp-block-kadence-column{justify-content:start;}.kb-row-layout-id16_1dcd82-ce > .kt-row-column-wrap{column-gap:var(--global-kb-gap-md, 2rem);row-gap:var(--global-kb-gap-md, 2rem);max-width:var( --global-content-width, 1290px );padding-left:var(--global-content-edge-padding);padding-right:var(--global-content-edge-padding);padding-top:60px;padding-bottom:60px;grid-template-columns:minmax(0, 1fr);}.kb-row-layout-id16_1dcd82-ce > .kt-row-layout-overlay{opacity:0.30;}@media all and (max-width: 1024px){.kb-row-layout-id16_1dcd82-ce > .kt-row-column-wrap{padding-top:60px;grid-template-columns:minmax(0, 1fr);}}@media all and (max-width: 767px){.kb-row-layout-id16_1dcd82-ce > .kt-row-column-wrap{grid-template-columns:minmax(0, 1fr);}}<\/style><div class=\"kb-row-layout-wrap kb-row-layout-id16_1dcd82-ce alignnone has-theme-palette8-background-color kt-row-has-bg wp-block-kadence-rowlayout\"><div class=\"kt-row-column-wrap kt-has-1-columns kt-row-layout-equal kt-tab-layout-inherit kt-mobile-layout-row kt-row-valign-top kb-theme-content-width\">\n<style>.kadence-column16_47e838-40 > .kt-inside-inner-col,.kadence-column16_47e838-40 > .kt-inside-inner-col:before{border-top-left-radius:0px;border-top-right-radius:0px;border-bottom-right-radius:0px;border-bottom-left-radius:0px;}.kadence-column16_47e838-40 > .kt-inside-inner-col{column-gap:var(--global-kb-gap-sm, 1rem);}.kadence-column16_47e838-40 > .kt-inside-inner-col{flex-direction:column;}.kadence-column16_47e838-40 > .kt-inside-inner-col > .aligncenter{width:100%;}.kadence-column16_47e838-40 > .kt-inside-inner-col:before{opacity:0.3;}.kadence-column16_47e838-40{position:relative;}@media all and (max-width: 1024px){.kadence-column16_47e838-40 > .kt-inside-inner-col{flex-direction:column;justify-content:center;}}@media all and (max-width: 767px){.kadence-column16_47e838-40 > .kt-inside-inner-col{flex-direction:column;justify-content:center;}}<\/style>\n<div class=\"wp-block-kadence-column kadence-column16_47e838-40 inner-column-1\"><div class=\"kt-inside-inner-col\"><style>.kb-row-layout-id16_89650b-6f > .kt-row-column-wrap{align-content:start;}:where(.kb-row-layout-id16_89650b-6f > .kt-row-column-wrap) > .wp-block-kadence-column{justify-content:start;}.kb-row-layout-id16_89650b-6f > .kt-row-column-wrap{column-gap:var(--global-kb-gap-md, 2rem);row-gap:var(--global-kb-gap-md, 2rem);max-width:600px;margin-left:auto;margin-right:auto;padding-top:0px;padding-bottom:0px;grid-template-columns:minmax(0, 1fr);}.kb-row-layout-id16_89650b-6f > .kt-row-layout-overlay{opacity:0.30;}@media all and (max-width: 1024px){.kb-row-layout-id16_89650b-6f > .kt-row-column-wrap{max-width:600px;margin-left:auto;margin-right:auto;grid-template-columns:minmax(0, 1fr);}}@media all and (max-width: 767px){.kb-row-layout-id16_89650b-6f > .kt-row-column-wrap{grid-template-columns:minmax(0, 1fr);}}<\/style><div class=\"kb-row-layout-wrap kb-row-layout-id16_89650b-6f alignnone wp-block-kadence-rowlayout\"><div class=\"kt-row-column-wrap kt-has-1-columns kt-row-layout-equal kt-tab-layout-inherit kt-mobile-layout-row kt-row-valign-top\">\n<style>.kadence-column16_73035e-b6 > .kt-inside-inner-col,.kadence-column16_73035e-b6 > .kt-inside-inner-col:before{border-top-left-radius:0px;border-top-right-radius:0px;border-bottom-right-radius:0px;border-bottom-left-radius:0px;}.kadence-column16_73035e-b6 > .kt-inside-inner-col{column-gap:var(--global-kb-gap-sm, 1rem);}.kadence-column16_73035e-b6 > .kt-inside-inner-col{flex-direction:column;}.kadence-column16_73035e-b6 > .kt-inside-inner-col > .aligncenter{width:100%;}.kadence-column16_73035e-b6 > .kt-inside-inner-col:before{opacity:0.3;}.kadence-column16_73035e-b6{position:relative;}@media all and (max-width: 1024px){.kadence-column16_73035e-b6 > .kt-inside-inner-col{flex-direction:column;justify-content:center;}}@media all and (max-width: 767px){.kadence-column16_73035e-b6 > .kt-inside-inner-col{flex-direction:column;justify-content:center;}}<\/style>\n<div class=\"wp-block-kadence-column kadence-column16_73035e-b6 inner-column-1\"><div class=\"kt-inside-inner-col\"><style>.wp-block-kadence-advancedheading.kt-adv-heading16_2750d9-ba, .wp-block-kadence-advancedheading.kt-adv-heading16_2750d9-ba[data-kb-block=\"kb-adv-heading16_2750d9-ba\"]{margin-bottom:20px;text-align:center;font-size:70px;line-height:70px;font-style:normal;}.wp-block-kadence-advancedheading.kt-adv-heading16_2750d9-ba mark.kt-highlight, .wp-block-kadence-advancedheading.kt-adv-heading16_2750d9-ba[data-kb-block=\"kb-adv-heading16_2750d9-ba\"] mark.kt-highlight{font-style:normal;color:#f76a0c;-webkit-box-decoration-break:clone;box-decoration-break:clone;padding-top:0px;padding-right:0px;padding-bottom:0px;padding-left:0px;}.wp-block-kadence-advancedheading.kt-adv-heading16_2750d9-ba img.kb-inline-image, .wp-block-kadence-advancedheading.kt-adv-heading16_2750d9-ba[data-kb-block=\"kb-adv-heading16_2750d9-ba\"] img.kb-inline-image{width:150px;vertical-align:baseline;}@media all and (max-width: 1024px){.wp-block-kadence-advancedheading.kt-adv-heading16_2750d9-ba, .wp-block-kadence-advancedheading.kt-adv-heading16_2750d9-ba[data-kb-block=\"kb-adv-heading16_2750d9-ba\"]{font-size:55px;}}@media all and (max-width: 767px){.wp-block-kadence-advancedheading.kt-adv-heading16_2750d9-ba, .wp-block-kadence-advancedheading.kt-adv-heading16_2750d9-ba[data-kb-block=\"kb-adv-heading16_2750d9-ba\"]{font-size:45px;}}<\/style>\n<h1 class=\"kt-adv-heading16_2750d9-ba wp-block-kadence-advancedheading\" data-kb-block=\"kb-adv-heading16_2750d9-ba\">Me Contacter<\/h1>\n\n\n<style>.wp-block-kadence-advancedheading.kt-adv-heading16_038e18-e9, .wp-block-kadence-advancedheading.kt-adv-heading16_038e18-e9[data-kb-block=\"kb-adv-heading16_038e18-e9\"]{text-align:center;font-style:normal;}.wp-block-kadence-advancedheading.kt-adv-heading16_038e18-e9 mark.kt-highlight, .wp-block-kadence-advancedheading.kt-adv-heading16_038e18-e9[data-kb-block=\"kb-adv-heading16_038e18-e9\"] mark.kt-highlight{font-style:normal;color:#f76a0c;-webkit-box-decoration-break:clone;box-decoration-break:clone;padding-top:0px;padding-right:0px;padding-bottom:0px;padding-left:0px;}.wp-block-kadence-advancedheading.kt-adv-heading16_038e18-e9 img.kb-inline-image, .wp-block-kadence-advancedheading.kt-adv-heading16_038e18-e9[data-kb-block=\"kb-adv-heading16_038e18-e9\"] img.kb-inline-image{width:150px;vertical-align:baseline;}<\/style>\n<p class=\"kt-adv-heading16_038e18-e9 wp-block-kadence-advancedheading\" data-kb-block=\"kb-adv-heading16_038e18-e9\"><em>Le contact se fait dans le respect du cadre pos\u00e9 sur ce site.<\/em><\/p>\n<\/div><\/div>\n\n<\/div><\/div><\/div><\/div>\n\n<\/div><\/div>\n\n<style>.kb-row-layout-id16_8f3dbb-33 > .kt-row-column-wrap{align-content:start;}:where(.kb-row-layout-id16_8f3dbb-33 > .kt-row-column-wrap) > .wp-block-kadence-column{justify-content:start;}.kb-row-layout-id16_8f3dbb-33 > .kt-row-column-wrap{column-gap:var(--global-kb-gap-md, 2rem);row-gap:var(--global-kb-gap-md, 2rem);max-width:var( --global-content-width, 1290px );padding-left:var(--global-content-edge-padding);padding-right:var(--global-content-edge-padding);padding-top:80px;padding-right:20px;padding-bottom:80px;padding-left:20px;grid-template-columns:minmax(0, calc(45% - ((var(--global-kb-gap-md, 2rem) * 1 )\/2)))minmax(0, calc(55% - ((var(--global-kb-gap-md, 2rem) * 1 )\/2)));}.kb-row-layout-id16_8f3dbb-33 > .kt-row-layout-overlay{opacity:0.30;}@media all and (max-width: 1024px){.kb-row-layout-id16_8f3dbb-33 > .kt-row-column-wrap{padding-top:60px;padding-right:150px;padding-bottom:60px;padding-left:150px;grid-template-columns:minmax(0, 1fr);}}@media all and (max-width: 767px){.kb-row-layout-id16_8f3dbb-33 > .kt-row-column-wrap{padding-top:60px;padding-right:30px;padding-bottom:60px;padding-left:30px;grid-template-columns:minmax(0, 1fr);}}<\/style><div class=\"kb-row-layout-wrap kb-row-layout-id16_8f3dbb-33 alignnone has-theme-palette8-background-color kt-row-has-bg wp-block-kadence-rowlayout\"><div class=\"kt-row-column-wrap kt-has-2-columns kt-row-layout-equal kt-tab-layout-row kt-mobile-layout-row kt-row-valign-top kb-theme-content-width\">\n<style>.kadence-column16_27c73f-3e > .kt-inside-inner-col,.kadence-column16_27c73f-3e > .kt-inside-inner-col:before{border-top-left-radius:0px;border-top-right-radius:0px;border-bottom-right-radius:0px;border-bottom-left-radius:0px;}.kadence-column16_27c73f-3e > .kt-inside-inner-col{column-gap:var(--global-kb-gap-sm, 1rem);}.kadence-column16_27c73f-3e > .kt-inside-inner-col{flex-direction:column;}.kadence-column16_27c73f-3e > .kt-inside-inner-col > .aligncenter{width:100%;}.kadence-column16_27c73f-3e > .kt-inside-inner-col:before{opacity:0.3;}.kadence-column16_27c73f-3e{position:relative;}.kadence-column16_27c73f-3e, .kt-inside-inner-col > .kadence-column16_27c73f-3e:not(.specificity){margin-right:80px;}@media all and (max-width: 1024px){.kadence-column16_27c73f-3e > .kt-inside-inner-col{flex-direction:column;justify-content:center;}}@media all and (max-width: 1024px){.kadence-column16_27c73f-3e, .kt-inside-inner-col > .kadence-column16_27c73f-3e:not(.specificity){margin-top:0px;margin-right:0px;margin-bottom:0px;margin-left:0px;}}@media all and (max-width: 767px){.kadence-column16_27c73f-3e > .kt-inside-inner-col{flex-direction:column;justify-content:center;}.kadence-column16_27c73f-3e, .kt-inside-inner-col > .kadence-column16_27c73f-3e:not(.specificity){margin-top:0px;margin-right:0px;margin-bottom:0px;margin-left:0px;}}<\/style>\n<div class=\"wp-block-kadence-column kadence-column16_27c73f-3e inner-column-1\"><div class=\"kt-inside-inner-col\">\n<p><strong>Je ne r\u00e9ponds qu\u2019aux demandes claires et soign\u00e9es :<\/strong><\/p>\n\n\n\n<ul class=\"wp-block-list\">\n<li>Pr\u00e9sentation (nom, \u00e2ge, r\u00e9gion,\u2026)<\/li>\n\n\n\n<li>Exp\u00e9rience dans l\u2019univers f\u00e9tichiste et\/ou BDSM.<\/li>\n\n\n\n<li>Avez-vous d\u00e9j\u00e0 \u00e9t\u00e9 re\u00e7u par une Domina ?<\/li>\n\n\n\n<li>Vos envies, ainsi que vos limites.<\/li>\n\n\n\n<li>L\u2019exp\u00e9rience recherch\u00e9e et vos disponibilit\u00e9s.<\/li>\n\n\n\n<li>Ce qui vous attire dans mon univers?<\/li>\n<\/ul>\n<\/div><\/div>\n\n\n<style>.kadence-column16_743b76-9e > .kt-inside-inner-col,.kadence-column16_743b76-9e > .kt-inside-inner-col:before{border-top-left-radius:0px;border-top-right-radius:0px;border-bottom-right-radius:0px;border-bottom-left-radius:0px;}.kadence-column16_743b76-9e > .kt-inside-inner-col{column-gap:var(--global-kb-gap-sm, 1rem);}.kadence-column16_743b76-9e > .kt-inside-inner-col{flex-direction:column;}.kadence-column16_743b76-9e > .kt-inside-inner-col > .aligncenter{width:100%;}.kadence-column16_743b76-9e > .kt-inside-inner-col:before{opacity:0.3;}.kadence-column16_743b76-9e{position:relative;}@media all and (max-width: 1024px){.kadence-column16_743b76-9e > .kt-inside-inner-col{flex-direction:column;justify-content:center;}}@media all and (max-width: 767px){.kadence-column16_743b76-9e > .kt-inside-inner-col{flex-direction:column;justify-content:center;}}<\/style>\n<div class=\"wp-block-kadence-column kadence-column16_743b76-9e\"><div class=\"kt-inside-inner-col\">\n<p><strong>M&rsquo;envoyer un<\/strong> email : subsexcretary @ gmail.com<br><br><a href=\"https:\/\/t.me\/loubiaddict\">Telegram<\/a><\/p>\n<\/div><\/div>\n\n<\/div><\/div>\n\n\n<p><\/p>\n","protected":false},"excerpt":{"rendered":"<p>Me Contacter Le contact se fait dans le respect du cadre pos\u00e9 sur ce site. Je ne r\u00e9ponds qu\u2019aux demandes claires et soign\u00e9es : M&rsquo;envoyer un email : subsexcretary @ gmail.com Telegram<\/p>","protected":false},"author":1,"featured_media":0,"parent":0,"menu_order":0,"comment_status":"closed","ping_status":"closed","template":"","meta":{"_kadence_starter_templates_imported_post":true,"_kad_post_transparent":"","_kad_post_title":"hide","_kad_post_layout":"fullwidth","_kad_post_sidebar_id":"","_kad_post_content_style":"unboxed","_kad_post_vertical_padding":"hide","_kad_post_feature":"hide","_kad_post_feature_position":"","_kad_post_header":false,"_kad_post_footer":false,"_kad_post_classname":"","footnotes":""},"class_list":["post-16","page","type-page","status-publish","hentry"],"_links":{"self":[{"href":"https:\/\/subsexcretary.com\/pt\/wp-json\/wp\/v2\/pages\/16","targetHints":{"allow":["GET"]}}],"collection":[{"href":"https:\/\/subsexcretary.com\/pt\/wp-json\/wp\/v2\/pages"}],"about":[{"href":"https:\/\/subsexcretary.com\/pt\/wp-json\/wp\/v2\/types\/page"}],"author":[{"embeddable":true,"href":"https:\/\/subsexcretary.com\/pt\/wp-json\/wp\/v2\/users\/1"}],"replies":[{"embeddable":true,"href":"https:\/\/subsexcretary.com\/pt\/wp-json\/wp\/v2\/comments?post=16"}],"version-history":[{"count":14,"href":"https:\/\/subsexcretary.com\/pt\/wp-json\/wp\/v2\/pages\/16\/revisions"}],"predecessor-version":[{"id":856,"href":"https:\/\/subsexcretary.com\/pt\/wp-json\/wp\/v2\/pages\/16\/revisions\/856"}],"wp:attachment":[{"href":"https:\/\/subsexcretary.com\/pt\/wp-json\/wp\/v2\/media?parent=16"}],"curies":[{"name":"wp","href":"https:\/\/api.w.org\/{rel}","templated":true}]}}